{"id":119,"date":"2026-03-05T11:57:44","date_gmt":"2026-03-05T10:57:44","guid":{"rendered":"https:\/\/app.alhambra.com.ai\/?page_id=119"},"modified":"2026-03-05T18:51:54","modified_gmt":"2026-03-05T17:51:54","slug":"audioguia","status":"publish","type":"page","link":"https:\/\/app.alhambra.com.ai\/ca\/audioguia\/","title":{"rendered":"Audiogu\u00eda"},"content":{"rendered":"<p>[video_with_gradient url=&#8221;https:\/\/cdn.alhambra.com.ai\/General\/Fondos\/Videos\/Categorias\/15-1080-2.mp4&#8243; title=&#8221;Complejo Monumental&#8221;]<\/p>\n\n\n<div style=\"--loop-cols:4;--loop-rows:2;--loop-grid-gap:20px;\" class=\"wp-block-loop wp-block-loop-page \"><h3 class=\"block-loop-title\"><span class=\"block-loop-heading\">Audiogu\u00eda con I.A<\/span> <span class=\"block-loop-subtitle\">Explora a tu ritmo y preg\u00fantale lo que quieras. Con nuestra gu\u00eda inteligente, siempre tendr\u00e1s respuestas.<\/span><\/h3><div class=\"block-loop-items\"  >\n<article data-id=\"post-726\" data-play-id=\"726\" class=\"block-loop-item post-726 page type-page status-publish has-post-thumbnail hentry entry \">\n\t\t\n\t<figure class=\"post-thumbnail\" >\n\t\t\t\t<a class=\"post-thumbnail-inner\" href=\"https:\/\/app.alhambra.com.ai\/ca\/audioguia\/palacio-carlos-v\/\" aria-hidden=\"true\" tabindex=\"-1\">\n\t\t\t<img loading=\"lazy\" decoding=\"async\" width=\"1920\" height=\"1080\" src=\"https:\/\/app.alhambra.com.ai\/wp-content\/uploads\/2023\/11\/carlos-v-0.webp\" class=\"attachment-2048x2048 size-2048x2048 wp-post-image\" alt=\"\" srcset=\"https:\/\/app.alhambra.com.ai\/wp-content\/uploads\/2023\/11\/carlos-v-0.webp 1920w, https:\/\/app.alhambra.com.ai\/wp-content\/uploads\/2023\/11\/carlos-v-0-300x169.webp 300w, https:\/\/app.alhambra.com.ai\/wp-content\/uploads\/2023\/11\/carlos-v-0-1024x576.webp 1024w, https:\/\/app.alhambra.com.ai\/wp-content\/uploads\/2023\/11\/carlos-v-0-768x432.webp 768w, https:\/\/app.alhambra.com.ai\/wp-content\/uploads\/2023\/11\/carlos-v-0-1536x864.webp 1536w, https:\/\/app.alhambra.com.ai\/wp-content\/uploads\/2023\/11\/carlos-v-0-18x10.webp 18w\" sizes=\"auto, (max-width: 1920px) 100vw, 1920px\" \/>\t\t<\/a>\n\t\t\t\t<div class=\"entry-action\">\n\t\t\t<a class=\"entry-action-link\" href=\"https:\/\/app.alhambra.com.ai\/ca\/audioguia\/palacio-carlos-v\/\"><\/a>\n\t\t\t<button data-id=\"726\" data-action=\"like\" data-type=\"post\" class=\"btn-like \"><span class=\"btn-svg-icon\"><svg xmlns=\"http:\/\/www.w3.org\/2000\/svg\" width=\"16\" height=\"16\" viewBox=\"0 0 24 24\" fill=\"none\" stroke=\"currentColor\" stroke-width=\"2\" stroke-linecap=\"round\" stroke-linejoin=\"round\" class=\"svg-icon\"><path d=\"M20.84 4.61a5.5 5.5 0 0 0-7.78 0L12 5.67l-1.06-1.06a5.5 5.5 0 0 0-7.78 7.78l1.06 1.06L12 21.23l7.78-7.78 1.06-1.06a5.5 5.5 0 0 0 0-7.78z\"><\/path><\/svg><\/span> <span class=\"count\"><\/span><\/button>\t\t\t\t\t\t\t\t<\/div>\n\t<\/figure>\n\n\t<header class=\"entry-header\">\n\t\t<div class=\"entry-header-inner\">\n\t\t\t\t\t\t<h3 class=\"entry-title\"><a href=\"https:\/\/app.alhambra.com.ai\/ca\/audioguia\/palacio-carlos-v\/\" rel=\"bookmark\">Palacio Carlos V<\/a><\/h3>\t\t\t<div class=\"entry-meta\">\n\t\t\t\t\t\t\t<\/div>\n\t\t\t\t\t<\/div>\n\t\t<div class=\"entry-footer\">\n\t\t\t\t\t\t\t\t\t<button data-id=\"726\" data-action=\"like\" data-type=\"post\" class=\"btn-like \"><span class=\"btn-svg-icon\"><svg xmlns=\"http:\/\/www.w3.org\/2000\/svg\" width=\"16\" height=\"16\" viewBox=\"0 0 24 24\" fill=\"none\" stroke=\"currentColor\" stroke-width=\"2\" stroke-linecap=\"round\" stroke-linejoin=\"round\" class=\"svg-icon\"><path d=\"M20.84 4.61a5.5 5.5 0 0 0-7.78 0L12 5.67l-1.06-1.06a5.5 5.5 0 0 0-7.78 7.78l1.06 1.06L12 21.23l7.78-7.78 1.06-1.06a5.5 5.5 0 0 0 0-7.78z\"><\/path><\/svg><\/span> <span class=\"count\"><\/span><\/button>\t\t\t\t\t\t\t\t\t\t\t<\/div>\n\t<\/header>\n\n\t<\/article>\n\n<article data-id=\"post-719\" data-play-id=\"719\" class=\"block-loop-item post-719 page type-page status-publish has-post-thumbnail hentry entry \">\n\t\t\n\t<figure class=\"post-thumbnail\" >\n\t\t\t\t<a class=\"post-thumbnail-inner\" href=\"https:\/\/app.alhambra.com.ai\/ca\/audioguia\/el-partal-y-paseo-de-las-torres\/\" aria-hidden=\"true\" tabindex=\"-1\">\n\t\t\t<img loading=\"lazy\" decoding=\"async\" width=\"1920\" height=\"1080\" src=\"https:\/\/app.alhambra.com.ai\/wp-content\/uploads\/2025\/05\/partal.webp\" class=\"attachment-2048x2048 size-2048x2048 wp-post-image\" alt=\"\" srcset=\"https:\/\/app.alhambra.com.ai\/wp-content\/uploads\/2025\/05\/partal.webp 1920w, https:\/\/app.alhambra.com.ai\/wp-content\/uploads\/2025\/05\/partal-300x169.webp 300w, https:\/\/app.alhambra.com.ai\/wp-content\/uploads\/2025\/05\/partal-1024x576.webp 1024w, https:\/\/app.alhambra.com.ai\/wp-content\/uploads\/2025\/05\/partal-768x432.webp 768w, https:\/\/app.alhambra.com.ai\/wp-content\/uploads\/2025\/05\/partal-1536x864.webp 1536w, https:\/\/app.alhambra.com.ai\/wp-content\/uploads\/2025\/05\/partal-18x10.webp 18w\" sizes=\"auto, (max-width: 1920px) 100vw, 1920px\" \/>\t\t<\/a>\n\t\t\t\t<div class=\"entry-action\">\n\t\t\t<a class=\"entry-action-link\" href=\"https:\/\/app.alhambra.com.ai\/ca\/audioguia\/el-partal-y-paseo-de-las-torres\/\"><\/a>\n\t\t\t<button data-id=\"719\" data-action=\"like\" data-type=\"post\" class=\"btn-like \"><span class=\"btn-svg-icon\"><svg xmlns=\"http:\/\/www.w3.org\/2000\/svg\" width=\"16\" height=\"16\" viewBox=\"0 0 24 24\" fill=\"none\" stroke=\"currentColor\" stroke-width=\"2\" stroke-linecap=\"round\" stroke-linejoin=\"round\" class=\"svg-icon\"><path d=\"M20.84 4.61a5.5 5.5 0 0 0-7.78 0L12 5.67l-1.06-1.06a5.5 5.5 0 0 0-7.78 7.78l1.06 1.06L12 21.23l7.78-7.78 1.06-1.06a5.5 5.5 0 0 0 0-7.78z\"><\/path><\/svg><\/span> <span class=\"count\"><\/span><\/button>\t\t\t\t\t\t\t\t<\/div>\n\t<\/figure>\n\n\t<header class=\"entry-header\">\n\t\t<div class=\"entry-header-inner\">\n\t\t\t\t\t\t<h3 class=\"entry-title\"><a href=\"https:\/\/app.alhambra.com.ai\/ca\/audioguia\/el-partal-y-paseo-de-las-torres\/\" rel=\"bookmark\">El Partal y Paseo de las Torres<\/a><\/h3>\t\t\t<div class=\"entry-meta\">\n\t\t\t\t\t\t\t<\/div>\n\t\t\t\t\t<\/div>\n\t\t<div class=\"entry-footer\">\n\t\t\t\t\t\t\t\t\t<button data-id=\"719\" data-action=\"like\" data-type=\"post\" class=\"btn-like \"><span class=\"btn-svg-icon\"><svg xmlns=\"http:\/\/www.w3.org\/2000\/svg\" width=\"16\" height=\"16\" viewBox=\"0 0 24 24\" fill=\"none\" stroke=\"currentColor\" stroke-width=\"2\" stroke-linecap=\"round\" stroke-linejoin=\"round\" class=\"svg-icon\"><path d=\"M20.84 4.61a5.5 5.5 0 0 0-7.78 0L12 5.67l-1.06-1.06a5.5 5.5 0 0 0-7.78 7.78l1.06 1.06L12 21.23l7.78-7.78 1.06-1.06a5.5 5.5 0 0 0 0-7.78z\"><\/path><\/svg><\/span> <span class=\"count\"><\/span><\/button>\t\t\t\t\t\t\t\t\t\t\t<\/div>\n\t<\/header>\n\n\t<\/article>\n\n<article data-id=\"post-716\" data-play-id=\"716\" class=\"block-loop-item post-716 page type-page status-publish has-post-thumbnail hentry entry \">\n\t\t\n\t<figure class=\"post-thumbnail\" >\n\t\t\t\t<a class=\"post-thumbnail-inner\" href=\"https:\/\/app.alhambra.com.ai\/ca\/audioguia\/alcazaba\/\" aria-hidden=\"true\" tabindex=\"-1\">\n\t\t\t<img loading=\"lazy\" decoding=\"async\" width=\"1920\" height=\"1080\" src=\"https:\/\/app.alhambra.com.ai\/wp-content\/uploads\/2023\/11\/alcazaba-g.webp\" class=\"attachment-2048x2048 size-2048x2048 wp-post-image\" alt=\"\" srcset=\"https:\/\/app.alhambra.com.ai\/wp-content\/uploads\/2023\/11\/alcazaba-g.webp 1920w, https:\/\/app.alhambra.com.ai\/wp-content\/uploads\/2023\/11\/alcazaba-g-300x169.webp 300w, https:\/\/app.alhambra.com.ai\/wp-content\/uploads\/2023\/11\/alcazaba-g-1024x576.webp 1024w, https:\/\/app.alhambra.com.ai\/wp-content\/uploads\/2023\/11\/alcazaba-g-768x432.webp 768w, https:\/\/app.alhambra.com.ai\/wp-content\/uploads\/2023\/11\/alcazaba-g-1536x864.webp 1536w, https:\/\/app.alhambra.com.ai\/wp-content\/uploads\/2023\/11\/alcazaba-g-18x10.webp 18w\" sizes=\"auto, (max-width: 1920px) 100vw, 1920px\" \/>\t\t<\/a>\n\t\t\t\t<div class=\"entry-action\">\n\t\t\t<a class=\"entry-action-link\" href=\"https:\/\/app.alhambra.com.ai\/ca\/audioguia\/alcazaba\/\"><\/a>\n\t\t\t<button data-id=\"716\" data-action=\"like\" data-type=\"post\" class=\"btn-like \"><span class=\"btn-svg-icon\"><svg xmlns=\"http:\/\/www.w3.org\/2000\/svg\" width=\"16\" height=\"16\" viewBox=\"0 0 24 24\" fill=\"none\" stroke=\"currentColor\" stroke-width=\"2\" stroke-linecap=\"round\" stroke-linejoin=\"round\" class=\"svg-icon\"><path d=\"M20.84 4.61a5.5 5.5 0 0 0-7.78 0L12 5.67l-1.06-1.06a5.5 5.5 0 0 0-7.78 7.78l1.06 1.06L12 21.23l7.78-7.78 1.06-1.06a5.5 5.5 0 0 0 0-7.78z\"><\/path><\/svg><\/span> <span class=\"count\"><\/span><\/button>\t\t\t\t\t\t\t\t<\/div>\n\t<\/figure>\n\n\t<header class=\"entry-header\">\n\t\t<div class=\"entry-header-inner\">\n\t\t\t\t\t\t<h3 class=\"entry-title\"><a href=\"https:\/\/app.alhambra.com.ai\/ca\/audioguia\/alcazaba\/\" rel=\"bookmark\">Alcazaba<\/a><\/h3>\t\t\t<div class=\"entry-meta\">\n\t\t\t\t\t\t\t<\/div>\n\t\t\t\t\t<\/div>\n\t\t<div class=\"entry-footer\">\n\t\t\t\t\t\t\t\t\t<button data-id=\"716\" data-action=\"like\" data-type=\"post\" class=\"btn-like \"><span class=\"btn-svg-icon\"><svg xmlns=\"http:\/\/www.w3.org\/2000\/svg\" width=\"16\" height=\"16\" viewBox=\"0 0 24 24\" fill=\"none\" stroke=\"currentColor\" stroke-width=\"2\" stroke-linecap=\"round\" stroke-linejoin=\"round\" class=\"svg-icon\"><path d=\"M20.84 4.61a5.5 5.5 0 0 0-7.78 0L12 5.67l-1.06-1.06a5.5 5.5 0 0 0-7.78 7.78l1.06 1.06L12 21.23l7.78-7.78 1.06-1.06a5.5 5.5 0 0 0 0-7.78z\"><\/path><\/svg><\/span> <span class=\"count\"><\/span><\/button>\t\t\t\t\t\t\t\t\t\t\t<\/div>\n\t<\/header>\n\n\t<\/article>\n\n<article data-id=\"post-721\" data-play-id=\"721\" class=\"block-loop-item post-721 page type-page status-publish has-post-thumbnail hentry entry \">\n\t\t\n\t<figure class=\"post-thumbnail\" >\n\t\t\t\t<a class=\"post-thumbnail-inner\" href=\"https:\/\/app.alhambra.com.ai\/ca\/audioguia\/generalife\/\" aria-hidden=\"true\" tabindex=\"-1\">\n\t\t\t<img loading=\"lazy\" decoding=\"async\" width=\"1920\" height=\"1080\" src=\"https:\/\/app.alhambra.com.ai\/wp-content\/uploads\/2023\/11\/generalife.webp\" class=\"attachment-2048x2048 size-2048x2048 wp-post-image\" alt=\"\" srcset=\"https:\/\/app.alhambra.com.ai\/wp-content\/uploads\/2023\/11\/generalife.webp 1920w, https:\/\/app.alhambra.com.ai\/wp-content\/uploads\/2023\/11\/generalife-300x169.webp 300w, https:\/\/app.alhambra.com.ai\/wp-content\/uploads\/2023\/11\/generalife-1024x576.webp 1024w, https:\/\/app.alhambra.com.ai\/wp-content\/uploads\/2023\/11\/generalife-768x432.webp 768w, https:\/\/app.alhambra.com.ai\/wp-content\/uploads\/2023\/11\/generalife-1536x864.webp 1536w, https:\/\/app.alhambra.com.ai\/wp-content\/uploads\/2023\/11\/generalife-18x10.webp 18w\" sizes=\"auto, (max-width: 1920px) 100vw, 1920px\" \/>\t\t<\/a>\n\t\t\t\t<div class=\"entry-action\">\n\t\t\t<a class=\"entry-action-link\" href=\"https:\/\/app.alhambra.com.ai\/ca\/audioguia\/generalife\/\"><\/a>\n\t\t\t<button data-id=\"721\" data-action=\"like\" data-type=\"post\" class=\"btn-like \"><span class=\"btn-svg-icon\"><svg xmlns=\"http:\/\/www.w3.org\/2000\/svg\" width=\"16\" height=\"16\" viewBox=\"0 0 24 24\" fill=\"none\" stroke=\"currentColor\" stroke-width=\"2\" stroke-linecap=\"round\" stroke-linejoin=\"round\" class=\"svg-icon\"><path d=\"M20.84 4.61a5.5 5.5 0 0 0-7.78 0L12 5.67l-1.06-1.06a5.5 5.5 0 0 0-7.78 7.78l1.06 1.06L12 21.23l7.78-7.78 1.06-1.06a5.5 5.5 0 0 0 0-7.78z\"><\/path><\/svg><\/span> <span class=\"count\"><\/span><\/button>\t\t\t\t\t\t\t\t<\/div>\n\t<\/figure>\n\n\t<header class=\"entry-header\">\n\t\t<div class=\"entry-header-inner\">\n\t\t\t\t\t\t<h3 class=\"entry-title\"><a href=\"https:\/\/app.alhambra.com.ai\/ca\/audioguia\/generalife\/\" rel=\"bookmark\">Generalife<\/a><\/h3>\t\t\t<div class=\"entry-meta\">\n\t\t\t\t\t\t\t<\/div>\n\t\t\t\t\t<\/div>\n\t\t<div class=\"entry-footer\">\n\t\t\t\t\t\t\t\t\t<button data-id=\"721\" data-action=\"like\" data-type=\"post\" class=\"btn-like \"><span class=\"btn-svg-icon\"><svg xmlns=\"http:\/\/www.w3.org\/2000\/svg\" width=\"16\" height=\"16\" viewBox=\"0 0 24 24\" fill=\"none\" stroke=\"currentColor\" stroke-width=\"2\" stroke-linecap=\"round\" stroke-linejoin=\"round\" class=\"svg-icon\"><path d=\"M20.84 4.61a5.5 5.5 0 0 0-7.78 0L12 5.67l-1.06-1.06a5.5 5.5 0 0 0-7.78 7.78l1.06 1.06L12 21.23l7.78-7.78 1.06-1.06a5.5 5.5 0 0 0 0-7.78z\"><\/path><\/svg><\/span> <span class=\"count\"><\/span><\/button>\t\t\t\t\t\t\t\t\t\t\t<\/div>\n\t<\/header>\n\n\t<\/article>\n\n<article data-id=\"post-714\" data-play-id=\"714\" class=\"block-loop-item post-714 page type-page status-publish has-post-thumbnail hentry entry \">\n\t\t\n\t<figure class=\"post-thumbnail\" >\n\t\t\t\t<a class=\"post-thumbnail-inner\" href=\"https:\/\/app.alhambra.com.ai\/ca\/audioguia\/palacios-nazaries\/\" aria-hidden=\"true\" tabindex=\"-1\">\n\t\t\t<img loading=\"lazy\" decoding=\"async\" width=\"1920\" height=\"1080\" src=\"https:\/\/app.alhambra.com.ai\/wp-content\/uploads\/2023\/11\/nazaries.webp\" class=\"attachment-2048x2048 size-2048x2048 wp-post-image\" alt=\"\" srcset=\"https:\/\/app.alhambra.com.ai\/wp-content\/uploads\/2023\/11\/nazaries.webp 1920w, https:\/\/app.alhambra.com.ai\/wp-content\/uploads\/2023\/11\/nazaries-300x169.webp 300w, https:\/\/app.alhambra.com.ai\/wp-content\/uploads\/2023\/11\/nazaries-1024x576.webp 1024w, https:\/\/app.alhambra.com.ai\/wp-content\/uploads\/2023\/11\/nazaries-768x432.webp 768w, https:\/\/app.alhambra.com.ai\/wp-content\/uploads\/2023\/11\/nazaries-1536x864.webp 1536w, https:\/\/app.alhambra.com.ai\/wp-content\/uploads\/2023\/11\/nazaries-18x10.webp 18w\" sizes=\"auto, (max-width: 1920px) 100vw, 1920px\" \/>\t\t<\/a>\n\t\t\t\t<div class=\"entry-action\">\n\t\t\t<a class=\"entry-action-link\" href=\"https:\/\/app.alhambra.com.ai\/ca\/audioguia\/palacios-nazaries\/\"><\/a>\n\t\t\t<button data-id=\"714\" data-action=\"like\" data-type=\"post\" class=\"btn-like \"><span class=\"btn-svg-icon\"><svg xmlns=\"http:\/\/www.w3.org\/2000\/svg\" width=\"16\" height=\"16\" viewBox=\"0 0 24 24\" fill=\"none\" stroke=\"currentColor\" stroke-width=\"2\" stroke-linecap=\"round\" stroke-linejoin=\"round\" class=\"svg-icon\"><path d=\"M20.84 4.61a5.5 5.5 0 0 0-7.78 0L12 5.67l-1.06-1.06a5.5 5.5 0 0 0-7.78 7.78l1.06 1.06L12 21.23l7.78-7.78 1.06-1.06a5.5 5.5 0 0 0 0-7.78z\"><\/path><\/svg><\/span> <span class=\"count\"><\/span><\/button>\t\t\t\t\t\t\t\t<\/div>\n\t<\/figure>\n\n\t<header class=\"entry-header\">\n\t\t<div class=\"entry-header-inner\">\n\t\t\t\t\t\t<h3 class=\"entry-title\"><a href=\"https:\/\/app.alhambra.com.ai\/ca\/audioguia\/palacios-nazaries\/\" rel=\"bookmark\">Palacios Nazar\u00edes<\/a><\/h3>\t\t\t<div class=\"entry-meta\">\n\t\t\t\t\t\t\t<\/div>\n\t\t\t\t\t<\/div>\n\t\t<div class=\"entry-footer\">\n\t\t\t\t\t\t\t\t\t<button data-id=\"714\" data-action=\"like\" data-type=\"post\" class=\"btn-like \"><span class=\"btn-svg-icon\"><svg xmlns=\"http:\/\/www.w3.org\/2000\/svg\" width=\"16\" height=\"16\" viewBox=\"0 0 24 24\" fill=\"none\" stroke=\"currentColor\" stroke-width=\"2\" stroke-linecap=\"round\" stroke-linejoin=\"round\" class=\"svg-icon\"><path d=\"M20.84 4.61a5.5 5.5 0 0 0-7.78 0L12 5.67l-1.06-1.06a5.5 5.5 0 0 0-7.78 7.78l1.06 1.06L12 21.23l7.78-7.78 1.06-1.06a5.5 5.5 0 0 0 0-7.78z\"><\/path><\/svg><\/span> <span class=\"count\"><\/span><\/button>\t\t\t\t\t\t\t\t\t\t\t<\/div>\n\t<\/header>\n\n\t<\/article>\n\n<article data-id=\"post-723\" data-play-id=\"723\" class=\"block-loop-item post-723 page type-page status-publish has-post-thumbnail hentry entry \">\n\t\t\n\t<figure class=\"post-thumbnail\" >\n\t\t\t\t<a class=\"post-thumbnail-inner\" href=\"https:\/\/app.alhambra.com.ai\/ca\/audioguia\/la-medina\/\" aria-hidden=\"true\" tabindex=\"-1\">\n\t\t\t<img loading=\"lazy\" decoding=\"async\" width=\"1920\" height=\"1080\" src=\"https:\/\/app.alhambra.com.ai\/wp-content\/uploads\/2025\/05\/medina.webp\" class=\"attachment-2048x2048 size-2048x2048 wp-post-image\" alt=\"\" srcset=\"https:\/\/app.alhambra.com.ai\/wp-content\/uploads\/2025\/05\/medina.webp 1920w, https:\/\/app.alhambra.com.ai\/wp-content\/uploads\/2025\/05\/medina-300x169.webp 300w, https:\/\/app.alhambra.com.ai\/wp-content\/uploads\/2025\/05\/medina-1024x576.webp 1024w, https:\/\/app.alhambra.com.ai\/wp-content\/uploads\/2025\/05\/medina-768x432.webp 768w, https:\/\/app.alhambra.com.ai\/wp-content\/uploads\/2025\/05\/medina-1536x864.webp 1536w, https:\/\/app.alhambra.com.ai\/wp-content\/uploads\/2025\/05\/medina-18x10.webp 18w\" sizes=\"auto, (max-width: 1920px) 100vw, 1920px\" \/>\t\t<\/a>\n\t\t\t\t<div class=\"entry-action\">\n\t\t\t<a class=\"entry-action-link\" href=\"https:\/\/app.alhambra.com.ai\/ca\/audioguia\/la-medina\/\"><\/a>\n\t\t\t<button data-id=\"723\" data-action=\"like\" data-type=\"post\" class=\"btn-like \"><span class=\"btn-svg-icon\"><svg xmlns=\"http:\/\/www.w3.org\/2000\/svg\" width=\"16\" height=\"16\" viewBox=\"0 0 24 24\" fill=\"none\" stroke=\"currentColor\" stroke-width=\"2\" stroke-linecap=\"round\" stroke-linejoin=\"round\" class=\"svg-icon\"><path d=\"M20.84 4.61a5.5 5.5 0 0 0-7.78 0L12 5.67l-1.06-1.06a5.5 5.5 0 0 0-7.78 7.78l1.06 1.06L12 21.23l7.78-7.78 1.06-1.06a5.5 5.5 0 0 0 0-7.78z\"><\/path><\/svg><\/span> <span class=\"count\"><\/span><\/button>\t\t\t\t\t\t\t\t<\/div>\n\t<\/figure>\n\n\t<header class=\"entry-header\">\n\t\t<div class=\"entry-header-inner\">\n\t\t\t\t\t\t<h3 class=\"entry-title\"><a href=\"https:\/\/app.alhambra.com.ai\/ca\/audioguia\/la-medina\/\" rel=\"bookmark\"><svg xmlns=\"http:\/\/www.w3.org\/2000\/svg\" width=\"16\" height=\"16\" stroke-width=\"2\" stroke-linecap=\"round\" stroke-linejoin=\"round\" class=\"svg-icon\" style=\"color: #aaa  !important;\" viewBox=\"0 0 24 24\" fill=\"none\" stroke=\"currentColor\"><rect x=\"3\" y=\"11\" width=\"18\" height=\"11\" rx=\"2\" ry=\"2\"><\/rect><path d=\"M7 11V7a5 5 0 0 1 10 0v4\"><\/path><\/svg>&nbsp;La Medina<\/a><\/h3>\t\t\t<div class=\"entry-meta\">\n\t\t\t\t\t\t\t<\/div>\n\t\t\t\t\t<\/div>\n\t\t<div class=\"entry-footer\">\n\t\t\t\t\t\t\t\t\t<button data-id=\"723\" data-action=\"like\" data-type=\"post\" class=\"btn-like \"><span class=\"btn-svg-icon\"><svg xmlns=\"http:\/\/www.w3.org\/2000\/svg\" width=\"16\" height=\"16\" viewBox=\"0 0 24 24\" fill=\"none\" stroke=\"currentColor\" stroke-width=\"2\" stroke-linecap=\"round\" stroke-linejoin=\"round\" class=\"svg-icon\"><path d=\"M20.84 4.61a5.5 5.5 0 0 0-7.78 0L12 5.67l-1.06-1.06a5.5 5.5 0 0 0-7.78 7.78l1.06 1.06L12 21.23l7.78-7.78 1.06-1.06a5.5 5.5 0 0 0 0-7.78z\"><\/path><\/svg><\/span> <span class=\"count\"><\/span><\/button>\t\t\t\t\t\t\t\t\t\t\t<\/div>\n\t<\/header>\n\n\t<\/article>\n<\/div><\/div>\n\n\n<style>\n\n.block-loop-title {\n    align-items: center;\n    text-align: center;\n}\n.block-loop-item .author, .block-loop-item .entry-artist, .block-loop-item .entry-title {\n    align-items: center;\n    text-align: center;\n}\n\n\n\n.block-loop-subtitle {\n    margin: 0px 0.5em 0px 0.5em !important;\n}\n\n\n.entry-content > * {\n    margin-bottom: -45px !important;\n}\n\n\n\n.block-loop-items {\n    margin: 0px 2.5em 0px 2.5em;\n}\n\n\n\n<\/style>\n\n\n\n<div style=\"height:100px\" aria-hidden=\"true\" class=\"wp-block-spacer\"><\/div>\n","protected":false},"excerpt":{"rendered":"","protected":false},"author":1,"featured_media":0,"parent":0,"menu_order":0,"comment_status":"closed","ping_status":"closed","template":"","meta":{"_acf_changed":false,"type":"","auto_type":false,"post":"","stream":"","stream_url":"","waveform_data":[],"duration":0,"bpm":0,"downloadable":false,"download_url":"","purchase_title":"","purchase_url":"","post-count-all":0,"like_count":0,"download_count":0,"editor_note":"","copyright":"","captions":[],"sources":[],"footnotes":""},"class_list":["post-119","page","type-page","status-publish","hentry","entry",""],"acf":[],"_links":{"self":[{"href":"https:\/\/app.alhambra.com.ai\/ca\/wp-json\/wp\/v2\/pages\/119","targetHints":{"allow":["GET"]}}],"collection":[{"href":"https:\/\/app.alhambra.com.ai\/ca\/wp-json\/wp\/v2\/pages"}],"about":[{"href":"https:\/\/app.alhambra.com.ai\/ca\/wp-json\/wp\/v2\/types\/page"}],"author":[{"embeddable":true,"href":"https:\/\/app.alhambra.com.ai\/ca\/wp-json\/wp\/v2\/users\/1"}],"replies":[{"embeddable":true,"href":"https:\/\/app.alhambra.com.ai\/ca\/wp-json\/wp\/v2\/comments?post=119"}],"version-history":[{"count":0,"href":"https:\/\/app.alhambra.com.ai\/ca\/wp-json\/wp\/v2\/pages\/119\/revisions"}],"wp:attachment":[{"href":"https:\/\/app.alhambra.com.ai\/ca\/wp-json\/wp\/v2\/media?parent=119"}],"curies":[{"name":"wp","href":"https:\/\/api.w.org\/{rel}","templated":true}]}}