{"id":138,"date":"2026-03-05T12:16:16","date_gmt":"2025-05-07T14:34:09","guid":{"rendered":"https:\/\/app.alhambra.com.ai\/?page_id=138"},"modified":"2026-03-05T18:48:24","modified_gmt":"2026-03-05T17:48:24","slug":"podcast","status":"publish","type":"page","link":"https:\/\/app.alhambra.com.ai\/de\/podcast\/","title":{"rendered":"Podcast"},"content":{"rendered":"\n<div class=\"wp-block-columns alignfull\">\n<div class=\"wp-block-column\" style=\"flex-basis:100%\">\r\n    <div id=\"mensaje-article\">\r\n        <!-- El contenido se actualizar\u00e1 mediante JavaScript -->\r\n    <\/div>\r\n\r\n    <script type=\"text\/javascript\">\r\n        jQuery(document).ready(function($) {\r\n            \/\/ Array de contenido preprocesado de los shortcodes\r\n            var shortcodes = {\"post-6140\":\"[video_with_gradient url=\\\"https:\\\/\\\/cdn.alhambra.com.ai\\\/General\\\/podcast\\\/fondo05.mp4\\\" title=\\\"Reinado de Carlos V\\\"]\",\"post-6193\":\"[video_with_gradient url=\\\"https:\\\/\\\/cdn.alhambra.com.ai\\\/General\\\/podcast\\\/fondo05.mp4\\\" title=\\\"Sultanes Nazar\\u00edes\\\"]\",\"post-6194\":\"[video_with_gradient url=\\\"https:\\\/\\\/cdn.alhambra.com.ai\\\/General\\\/podcast\\\/fondo05.mp4\\\" title=\\\"Secretos Arquitect\\u00f3nicos\\\"]\",\"post-6197\":\"[video_with_gradient url=\\\"https:\\\/\\\/cdn.alhambra.com.ai\\\/General\\\/podcast\\\/fondo05.mp4\\\" title=\\\"Poes\\u00eda en los muros\\\"]\",\"post-6198\":\"[video_with_gradient url=\\\"https:\\\/\\\/cdn.alhambra.com.ai\\\/General\\\/podcast\\\/fondo05.mp4\\\" title=\\\"Amores, traiciones y fantasmas\\\"]\",\"post-6201\":\"[video_with_gradient url=\\\"https:\\\/\\\/cdn.alhambra.com.ai\\\/General\\\/podcast\\\/fondo05.mp4\\\" title=\\\"El origen de la Alhambra\\\"]\",\"post-6202\":\"[video_with_gradient url=\\\"https:\\\/\\\/cdn.alhambra.com.ai\\\/General\\\/podcast\\\/fondo05.mp4\\\" title=\\\"Reconquista cristiana\\\"]\",\"post-6203\":\"[video_with_gradient url=\\\"https:\\\/\\\/cdn.alhambra.com.ai\\\/General\\\/podcast\\\/fondo05.mp4\\\" title=\\\"Arte y legado Nazar\\u00ed\\\"]\",\"post-6206\":\"[video_with_gradient url=\\\"https:\\\/\\\/cdn.alhambra.com.ai\\\/General\\\/podcast\\\/fondo05.mp4\\\" title=\\\"La vida cotidiana Nazar\\u00ed\\\"]\",\"post-6207\":\"[video_with_gradient url=\\\"https:\\\/\\\/cdn.alhambra.com.ai\\\/General\\\/podcast\\\/fondo05.mp4\\\" title=\\\"El papel defensivo de la Alcazaba\\\"]\",\"post-6208\":\"[video_with_gradient url=\\\"https:\\\/\\\/cdn.alhambra.com.ai\\\/General\\\/podcast\\\/fondo05.mp4\\\" title=\\\"Zir\\u00edes y Almor\\u00e1vides\\\"]\",\"post-6209\":\"[video_with_gradient url=\\\"https:\\\/\\\/cdn.alhambra.com.ai\\\/General\\\/podcast\\\/fondo05.mp4\\\" title=\\\"Arcos, Moc\\u00e1rabes y Yeser\\u00edas\\\"]\",\"post-6210\":\"[video_with_gradient url=\\\"https:\\\/\\\/cdn.alhambra.com.ai\\\/General\\\/podcast\\\/fondo05.mp4\\\" title=\\\"M\\u00e1rmol y cer\\u00e1mica vidriada\\\"]\",\"post-XXX\":\"[video_with_gradient url=\\\"https:\\\/\\\/cdn.alhambra.com.ai\\\/General\\\/podcast\\\/fondo05.mp4\\\" title=\\\"XXX\\\"]\"};\r\n            var default_shortcode = \"[video_with_gradient url=\\\"https:\\\/\\\/cdn.alhambra.com.ai\\\/General\\\/podcast\\\/fondo05.mp4\\\" title=\\\"Podcast\\\"]\";\r\n\r\n            \/\/ Funci\u00f3n para comprobar si la clase \"active\" est\u00e1 presente en cada art\u00edculo\r\n            function checkActiveClass() {\r\n                var isActive = false;\r\n\r\n                $('article').each(function() {\r\n                    var articleId = $(this).data('id');\r\n                    \r\n                    if ($(this).hasClass('active')) {\r\n                        $('#mensaje-article').html(shortcodes[articleId]);\r\n                        isActive = true; \/\/ Se ha encontrado un art\u00edculo activo\r\n                    }\r\n                });\r\n\r\n                \/\/ Si no hay ning\u00fan art\u00edculo activo, mostrar el shortcode por defecto\r\n                if (!isActive) {\r\n                    $('#mensaje-article').html(default_shortcode);\r\n                }\r\n            }\r\n\r\n            \/\/ Comprobamos el estado inicial al cargar la p\u00e1gina\r\n            checkActiveClass();\r\n\r\n            \/\/ Creamos un observador de mutaci\u00f3n para detectar cambios en los atributos \"class\" de todos los art\u00edculos\r\n            $('article').each(function() {\r\n                var targetNode = $(this)[0];\r\n                \r\n                var observer = new MutationObserver(function(mutationsList, observer) {\r\n                    for (var mutation of mutationsList) {\r\n                        if (mutation.type === 'attributes' && mutation.attributeName === 'class') {\r\n                            checkActiveClass();\r\n                        }\r\n                    }\r\n                });\r\n\r\n                \/\/ Configuramos el observador para observar cambios en los atributos de cada art\u00edculo\r\n                observer.observe(targetNode, { attributes: true });\r\n            });\r\n        });\r\n    <\/script>\r\n\r\n    \n\n\n\n<br>\n<\/div>\n<\/div>\n\n\n<div style=\"\" class=\"wp-block-loop wp-block-loop-station album-tracks block-loop-row block-loop-index\"><div class=\"block-loop-items\"  >\n\n\n<article data-id=\"post-773\" data-play-id=\"773\" class=\"block-loop-item album-track post-773 station type-station status-publish has-post-thumbnail hentry genre-podcast entry is-single \">\n\t<span class=\"btn-play-now icon-play\"  data-play-id=\"773\"><\/span>\n\t<span class=\"btn-play-now icon-play\" data-id=\"773\" data-play-id=\"773\"><\/span>\n\n\t<button class=\"btn-playlist icon-plus\"><\/button>\n\n\n\t<header class=\"entry-header\">\n\t\t<div class=\"entry-header-inner btn-play-now\">\n\t\t\t\n<h3 class=\"entry-title\"><a href=\"https:\/\/app.alhambra.com.ai\/de\/station\/demo\/\" rel=\"bookmark\">La Alhambra durante el reinado de Carlos V (siglo XVI)<\/a><\/h3>\n\t\t\t<div class=\"entry-meta\">\n\t\t\t\t\t\t\t<\/div>\n\t\t\t\t\t<\/div>\n\n\t\t<div class=\"entry-footer\">\n\t\t\t<span class=\"play-duration\">06:16<\/span>\t\t\t\t\t\t\t\t\t\t\t\n\t\t\t\n\t\t<\/div>\n\t<\/header>\n<\/article>\n\n\n\n\n\n\n\n<article data-id=\"post-775\" data-play-id=\"775\" class=\"block-loop-item album-track post-775 station type-station status-publish has-post-thumbnail hentry genre-podcast entry is-single \">\n\t<span class=\"btn-play-now icon-play\"  data-play-id=\"775\"><\/span>\n\t<span class=\"btn-play-now icon-play\" data-id=\"775\" data-play-id=\"775\"><\/span>\n\n\t<button class=\"btn-playlist icon-plus\"><\/button>\n\n\n\t<header class=\"entry-header\">\n\t\t<div class=\"entry-header-inner btn-play-now\">\n\t\t\t\n<h3 class=\"entry-title\"><a href=\"https:\/\/app.alhambra.com.ai\/de\/station\/los-sultanes-nazaries-y-la-alhambra-legado-de-una-dinastia\/\" rel=\"bookmark\">Los sultanes nazar\u00edes y la Alhambra &#8211; Legado de una dinast\u00eda<\/a><\/h3>\n\t\t\t<div class=\"entry-meta\">\n\t\t\t\t\t\t\t<\/div>\n\t\t\t\t\t<\/div>\n\n\t\t<div class=\"entry-footer\">\n\t\t\t<span class=\"play-duration\">07:05<\/span>\t\t\t\t\t\t\t\t\t\t\t\n\t\t\t\n\t\t<\/div>\n\t<\/header>\n<\/article>\n\n\n\n\n\n\n\n<article data-id=\"post-777\" data-play-id=\"777\" class=\"block-loop-item album-track post-777 station type-station status-publish has-post-thumbnail hentry genre-podcast entry is-single \">\n\t<span class=\"btn-play-now icon-play\"  data-play-id=\"777\"><\/span>\n\t<span class=\"btn-play-now icon-play\" data-id=\"777\" data-play-id=\"777\"><\/span>\n\n\t<button class=\"btn-playlist icon-plus\"><\/button>\n\n\n\t<header class=\"entry-header\">\n\t\t<div class=\"entry-header-inner btn-play-now\">\n\t\t\t\n<h3 class=\"entry-title\"><a href=\"https:\/\/app.alhambra.com.ai\/de\/station\/los-secretos-arquitectonicos-de-la-alhambra-proporcion-simetria-y-luz\/\" rel=\"bookmark\">Los secretos arquitect\u00f3nicos de la Alhambra proporci\u00f3n, simetr\u00eda y luz<\/a><\/h3>\n\t\t\t<div class=\"entry-meta\">\n\t\t\t\t\t\t\t<\/div>\n\t\t\t\t\t<\/div>\n\n\t\t<div class=\"entry-footer\">\n\t\t\t<span class=\"play-duration\">07:07<\/span>\t\t\t\t\t\t\t\t\t\t\t\n\t\t\t\n\t\t<\/div>\n\t<\/header>\n<\/article>\n\n\n\n\n\n\n\n<article data-id=\"post-779\" data-play-id=\"779\" class=\"block-loop-item album-track post-779 station type-station status-publish has-post-thumbnail hentry genre-podcast entry is-single \">\n\t<span class=\"btn-play-now icon-play\"  data-play-id=\"779\"><\/span>\n\t<span class=\"btn-play-now icon-play\" data-id=\"779\" data-play-id=\"779\"><\/span>\n\n\t<button class=\"btn-playlist icon-plus\"><\/button>\n\n\n\t<header class=\"entry-header\">\n\t\t<div class=\"entry-header-inner btn-play-now\">\n\t\t\t\n<h3 class=\"entry-title\"><a href=\"https:\/\/app.alhambra.com.ai\/de\/station\/la-poesia-en-los-muros-de-la-alhambra-historia-arte-y-cultura\/\" rel=\"bookmark\">La poes\u00eda en los muros de la Alhambra historia, arte y cultura<\/a><\/h3>\n\t\t\t<div class=\"entry-meta\">\n\t\t\t\t\t\t\t<\/div>\n\t\t\t\t\t<\/div>\n\n\t\t<div class=\"entry-footer\">\n\t\t\t<span class=\"play-duration\">07:55<\/span>\t\t\t\t\t\t\t\t\t\t\t\n\t\t\t\n\t\t<\/div>\n\t<\/header>\n<\/article>\n\n\n\n\n\n\n\n<article data-id=\"post-781\" data-play-id=\"781\" class=\"block-loop-item album-track post-781 station type-station status-publish has-post-thumbnail hentry genre-podcast entry is-single \">\n\t<span class=\"btn-play-now icon-play\"  data-play-id=\"781\"><\/span>\n\t<span class=\"btn-play-now icon-play\" data-id=\"781\" data-play-id=\"781\"><\/span>\n\n\t<button class=\"btn-playlist icon-plus\"><\/button>\n\n\n\t<header class=\"entry-header\">\n\t\t<div class=\"entry-header-inner btn-play-now\">\n\t\t\t\n<h3 class=\"entry-title\"><a href=\"https:\/\/app.alhambra.com.ai\/de\/station\/leyendas-de-la-alhambra-amores-traiciones-y-fantasmas-nazaries\/\" rel=\"bookmark\">Leyendas de la Alhambra amores, traiciones y fantasmas nazar\u00edes<\/a><\/h3>\n\t\t\t<div class=\"entry-meta\">\n\t\t\t\t\t\t\t<\/div>\n\t\t\t\t\t<\/div>\n\n\t\t<div class=\"entry-footer\">\n\t\t\t<span class=\"play-duration\">06:43<\/span>\t\t\t\t\t\t\t\t\t\t\t\n\t\t\t\n\t\t<\/div>\n\t<\/header>\n<\/article>\n\n\n\n\n\n\n\n<article data-id=\"post-783\" data-play-id=\"783\" class=\"block-loop-item album-track post-783 station type-station status-publish has-post-thumbnail hentry genre-podcast entry is-single \">\n\t<span class=\"btn-play-now icon-play\"  data-play-id=\"783\"><\/span>\n\t<span class=\"btn-play-now icon-play\" data-id=\"783\" data-play-id=\"783\"><\/span>\n\n\t<button class=\"btn-playlist icon-plus\"><\/button>\n\n\n\t<header class=\"entry-header\">\n\t\t<div class=\"entry-header-inner btn-play-now\">\n\t\t\t\n<h3 class=\"entry-title\"><a href=\"https:\/\/app.alhambra.com.ai\/de\/station\/el-origen-de-la-alhambra-que-habia-antes-del-palacio-nazari\/\" rel=\"bookmark\">El origen de la Alhambra \u00bfqu\u00e9 hab\u00eda antes del palacio nazar\u00ed<\/a><\/h3>\n\t\t\t<div class=\"entry-meta\">\n\t\t\t\t\t\t\t<\/div>\n\t\t\t\t\t<\/div>\n\n\t\t<div class=\"entry-footer\">\n\t\t\t<span class=\"play-duration\">07:44<\/span>\t\t\t\t\t\t\t\t\t\t\t\n\t\t\t\n\t\t<\/div>\n\t<\/header>\n<\/article>\n\n\n\n\n\n\n\n<article data-id=\"post-785\" data-play-id=\"785\" class=\"block-loop-item album-track post-785 station type-station status-publish has-post-thumbnail hentry genre-podcast entry is-single \">\n\t<span class=\"btn-play-now icon-play\"  data-play-id=\"785\"><\/span>\n\t<span class=\"btn-play-now icon-play\" data-id=\"785\" data-play-id=\"785\"><\/span>\n\n\t<button class=\"btn-playlist icon-plus\"><\/button>\n\n\n\t<header class=\"entry-header\">\n\t\t<div class=\"entry-header-inner btn-play-now\">\n\t\t\t\n<h3 class=\"entry-title\"><a href=\"https:\/\/app.alhambra.com.ai\/de\/station\/reconquista-cristiana-y-su-impacto-en-la-alhambra\/\" rel=\"bookmark\">Reconquista cristiana y su impacto en la Alhambra<\/a><\/h3>\n\t\t\t<div class=\"entry-meta\">\n\t\t\t\t\t\t\t<\/div>\n\t\t\t\t\t<\/div>\n\n\t\t<div class=\"entry-footer\">\n\t\t\t<span class=\"play-duration\">07:06<\/span>\t\t\t\t\t\t\t\t\t\t\t\n\t\t\t\n\t\t<\/div>\n\t<\/header>\n<\/article>\n\n\n\n\n\n\n\n<article data-id=\"post-787\" data-play-id=\"787\" class=\"block-loop-item album-track post-787 station type-station status-publish has-post-thumbnail hentry genre-podcast entry is-single \">\n\t<span class=\"btn-play-now icon-play\"  data-play-id=\"787\"><\/span>\n\t<span class=\"btn-play-now icon-play\" data-id=\"787\" data-play-id=\"787\"><\/span>\n\n\t<button class=\"btn-playlist icon-plus\"><\/button>\n\n\n\t<header class=\"entry-header\">\n\t\t<div class=\"entry-header-inner btn-play-now\">\n\t\t\t\n<h3 class=\"entry-title\"><a href=\"https:\/\/app.alhambra.com.ai\/de\/station\/granada-islamica-y-la-alhambra-historia-arte-y-legado-del-reino-nazari-1238-1492\/\" rel=\"bookmark\">Granada isl\u00e1mica y la Alhambra historia, arte y legado del Reino Nazar\u00ed (1238\u20131492)<\/a><\/h3>\n\t\t\t<div class=\"entry-meta\">\n\t\t\t\t\t\t\t<\/div>\n\t\t\t\t\t<\/div>\n\n\t\t<div class=\"entry-footer\">\n\t\t\t<span class=\"play-duration\">07:05<\/span>\t\t\t\t\t\t\t\t\t\t\t\n\t\t\t\n\t\t<\/div>\n\t<\/header>\n<\/article>\n\n\n\n\n\n\n\n<article data-id=\"post-789\" data-play-id=\"789\" class=\"block-loop-item album-track post-789 station type-station status-publish has-post-thumbnail hentry genre-podcast entry is-single \">\n\t<span class=\"btn-play-now icon-play\"  data-play-id=\"789\"><\/span>\n\t<span class=\"btn-play-now icon-play\" data-id=\"789\" data-play-id=\"789\"><\/span>\n\n\t<button class=\"btn-playlist icon-plus\"><\/button>\n\n\n\t<header class=\"entry-header\">\n\t\t<div class=\"entry-header-inner btn-play-now\">\n\t\t\t\n<h3 class=\"entry-title\"><a href=\"https:\/\/app.alhambra.com.ai\/de\/station\/la-vida-cotidiana-en-la-alhambra-nazari\/\" rel=\"bookmark\">La vida cotidiana en la Alhambra nazar\u00ed<\/a><\/h3>\n\t\t\t<div class=\"entry-meta\">\n\t\t\t\t\t\t\t<\/div>\n\t\t\t\t\t<\/div>\n\n\t\t<div class=\"entry-footer\">\n\t\t\t<span class=\"play-duration\">07:08<\/span>\t\t\t\t\t\t\t\t\t\t\t\n\t\t\t\n\t\t<\/div>\n\t<\/header>\n<\/article>\n\n\n\n\n\n\n\n<article data-id=\"post-791\" data-play-id=\"791\" class=\"block-loop-item album-track post-791 station type-station status-publish has-post-thumbnail hentry genre-podcast entry is-single \">\n\t<span class=\"btn-play-now icon-play\"  data-play-id=\"791\"><\/span>\n\t<span class=\"btn-play-now icon-play\" data-id=\"791\" data-play-id=\"791\"><\/span>\n\n\t<button class=\"btn-playlist icon-plus\"><\/button>\n\n\n\t<header class=\"entry-header\">\n\t\t<div class=\"entry-header-inner btn-play-now\">\n\t\t\t\n<h3 class=\"entry-title\"><a href=\"https:\/\/app.alhambra.com.ai\/de\/station\/el-papel-defensivo-de-la-alcazaba-en-la-historia-iberica\/\" rel=\"bookmark\">El papel defensivo de la Alcazaba en la historia ib\u00e9rica<\/a><\/h3>\n\t\t\t<div class=\"entry-meta\">\n\t\t\t\t\t\t\t<\/div>\n\t\t\t\t\t<\/div>\n\n\t\t<div class=\"entry-footer\">\n\t\t\t<span class=\"play-duration\">05:51<\/span>\t\t\t\t\t\t\t\t\t\t\t\n\t\t\t\n\t\t<\/div>\n\t<\/header>\n<\/article>\n\n\n\n\n\n\n\n<article data-id=\"post-793\" data-play-id=\"793\" class=\"block-loop-item album-track post-793 station type-station status-publish has-post-thumbnail hentry genre-podcast entry is-single \">\n\t<span class=\"btn-play-now icon-play\"  data-play-id=\"793\"><\/span>\n\t<span class=\"btn-play-now icon-play\" data-id=\"793\" data-play-id=\"793\"><\/span>\n\n\t<button class=\"btn-playlist icon-plus\"><\/button>\n\n\n\t<header class=\"entry-header\">\n\t\t<div class=\"entry-header-inner btn-play-now\">\n\t\t\t\n<h3 class=\"entry-title\"><a href=\"https:\/\/app.alhambra.com.ai\/de\/station\/los-ziries-y-almoravides-antes-del-reino-nazari-de-granada\/\" rel=\"bookmark\">Los Zir\u00edes y Almor\u00e1vides antes del Reino Nazar\u00ed de Granada<\/a><\/h3>\n\t\t\t<div class=\"entry-meta\">\n\t\t\t\t\t\t\t<\/div>\n\t\t\t\t\t<\/div>\n\n\t\t<div class=\"entry-footer\">\n\t\t\t<span class=\"play-duration\">08:08<\/span>\t\t\t\t\t\t\t\t\t\t\t\n\t\t\t\n\t\t<\/div>\n\t<\/header>\n<\/article>\n\n\n\n\n\n\n\n<article data-id=\"post-795\" data-play-id=\"795\" class=\"block-loop-item album-track post-795 station type-station status-publish has-post-thumbnail hentry genre-podcast entry is-single \">\n\t<span class=\"btn-play-now icon-play\"  data-play-id=\"795\"><\/span>\n\t<span class=\"btn-play-now icon-play\" data-id=\"795\" data-play-id=\"795\"><\/span>\n\n\t<button class=\"btn-playlist icon-plus\"><\/button>\n\n\n\t<header class=\"entry-header\">\n\t\t<div class=\"entry-header-inner btn-play-now\">\n\t\t\t\n<h3 class=\"entry-title\"><a href=\"https:\/\/app.alhambra.com.ai\/de\/station\/arcos-mocarabes-y-yeserias-elementos-arquitectonicos\/\" rel=\"bookmark\">Arcos, Moc\u00e1rabes y Yeser\u00edas Elementos Arquitect\u00f3nicos<\/a><\/h3>\n\t\t\t<div class=\"entry-meta\">\n\t\t\t\t\t\t\t<\/div>\n\t\t\t\t\t<\/div>\n\n\t\t<div class=\"entry-footer\">\n\t\t\t<span class=\"play-duration\">08:02<\/span>\t\t\t\t\t\t\t\t\t\t\t\n\t\t\t\n\t\t<\/div>\n\t<\/header>\n<\/article>\n\n\n\n\n\n\n\n<article data-id=\"post-797\" data-play-id=\"797\" class=\"block-loop-item album-track post-797 station type-station status-publish has-post-thumbnail hentry genre-podcast entry is-single \">\n\t<span class=\"btn-play-now icon-play\"  data-play-id=\"797\"><\/span>\n\t<span class=\"btn-play-now icon-play\" data-id=\"797\" data-play-id=\"797\"><\/span>\n\n\t<button class=\"btn-playlist icon-plus\"><\/button>\n\n\n\t<header class=\"entry-header\">\n\t\t<div class=\"entry-header-inner btn-play-now\">\n\t\t\t\n<h3 class=\"entry-title\"><a href=\"https:\/\/app.alhambra.com.ai\/de\/station\/marmol-y-ceramica-vidriada-en-la-alhambra-de-granada\/\" rel=\"bookmark\">M\u00e1rmol y cer\u00e1mica vidriada en la Alhambra de Granada<\/a><\/h3>\n\t\t\t<div class=\"entry-meta\">\n\t\t\t\t\t\t\t<\/div>\n\t\t\t\t\t<\/div>\n\n\t\t<div class=\"entry-footer\">\n\t\t\t<span class=\"play-duration\">06:32<\/span>\t\t\t\t\t\t\t\t\t\t\t\n\t\t\t\n\t\t<\/div>\n\t<\/header>\n<\/article>\n\n\n\n\n<\/div><\/div>\n\n\n<style>\n\nbody {\n        --x-gap: 2rem !important;\n    }\n\n@media (max-width: 768px) {\n    body {\n        --x-gap: 0rem !important;\n    }\n}\n\n\n    .container, .container-wrap .wp-block-cover__inner-container, .container-wrap .wp-block-group__inner-container, .navigation, .page-header, .page-content, .archive-header, .archive-content, .archive-footer, .site-main > .comments-area, .site-main > .entry > .entry-header-container, .site-main > .entry > .entry-header, .site-main > .entry > .entry-summary, .site-main > .entry > .entry-footer, .site-main > .entry > .post-thumbnail, .site-main > .entry > .entry-content > *:not(.alignwide):not(.alignfull):not(.alignleft):not(.alignright):not(.is-style-wide) {\n    width: calc(100% - var(--x-gap) * 4) !important;\n}\n\n\n.entry-content > * {\n    margin-bottom: -45px !important;\n}\n\n\n#menu-item-144 > a  {\n    color: var(--color-primary) !important;\n}\n\n\n#menu-item-536 > a  {\n    color: var(--color-primary) !important;\n}\n\n.video-with-gradient video {\n    top: -20% !important;\n}\n<\/style>\n\n\n\n<div style=\"height:100px\" aria-hidden=\"true\" class=\"wp-block-spacer\"><\/div>\n","protected":false},"excerpt":{"rendered":"","protected":false},"author":1,"featured_media":0,"parent":0,"menu_order":28,"comment_status":"closed","ping_status":"closed","template":"","meta":{"_acf_changed":false,"type":"","auto_type":false,"post":"","stream":"","stream_url":"","waveform_data":[],"duration":0,"bpm":0,"downloadable":false,"download_url":"","purchase_title":"","purchase_url":"","post-count-all":0,"like_count":0,"download_count":0,"editor_note":"","copyright":"","captions":[],"sources":[],"footnotes":""},"class_list":["post-138","page","type-page","status-publish","hentry","entry",""],"acf":[],"_links":{"self":[{"href":"https:\/\/app.alhambra.com.ai\/de\/wp-json\/wp\/v2\/pages\/138","targetHints":{"allow":["GET"]}}],"collection":[{"href":"https:\/\/app.alhambra.com.ai\/de\/wp-json\/wp\/v2\/pages"}],"about":[{"href":"https:\/\/app.alhambra.com.ai\/de\/wp-json\/wp\/v2\/types\/page"}],"author":[{"embeddable":true,"href":"https:\/\/app.alhambra.com.ai\/de\/wp-json\/wp\/v2\/users\/1"}],"replies":[{"embeddable":true,"href":"https:\/\/app.alhambra.com.ai\/de\/wp-json\/wp\/v2\/comments?post=138"}],"version-history":[{"count":0,"href":"https:\/\/app.alhambra.com.ai\/de\/wp-json\/wp\/v2\/pages\/138\/revisions"}],"wp:attachment":[{"href":"https:\/\/app.alhambra.com.ai\/de\/wp-json\/wp\/v2\/media?parent=138"}],"curies":[{"name":"wp","href":"https:\/\/api.w.org\/{rel}","templated":true}]}}